{"id":56,"date":"2024-02-18T19:38:04","date_gmt":"2024-02-18T19:38:04","guid":{"rendered":"https:\/\/glatterbuehler.de\/?page_id=56"},"modified":"2024-02-18T20:18:30","modified_gmt":"2024-02-18T20:18:30","slug":"glatterbuehler","status":"publish","type":"page","link":"https:\/\/glatterbuehler.de\/","title":{"rendered":"Startseite"},"content":{"rendered":"\n<div id=\"wp-block-themeisle-blocks-advanced-columns-5819c61d\" class=\"wp-block-themeisle-blocks-advanced-columns alignfull has-1-columns has-desktop-equal-layout has-tablet-equal-layout has-mobile-equal-layout has-vertical-unset\"><div class=\"wp-block-themeisle-blocks-advanced-columns-overlay\"><\/div><div class=\"innerblocks-wrap\">\n<div id=\"wp-block-themeisle-blocks-advanced-column-849d29ee\" class=\"wp-block-themeisle-blocks-advanced-column\">\n<div id=\"wp-block-themeisle-blocks-advanced-columns-d4453318\" class=\"wp-block-themeisle-blocks-advanced-columns alignwide has-2-columns has-desktop-twoOne-layout has-tablet-collapsedRows-layout has-mobile-collapsedRows-layout has-vertical-unset\"><div class=\"wp-block-themeisle-blocks-advanced-columns-overlay\"><\/div><div class=\"innerblocks-wrap\">\n<div id=\"wp-block-themeisle-blocks-advanced-column-2467c1d9\" class=\"wp-block-themeisle-blocks-advanced-column\"><\/div>\n\n\n\n<div id=\"wp-block-themeisle-blocks-advanced-column-de9167bb\" class=\"wp-block-themeisle-blocks-advanced-column animated fadeInDown\"><div class=\"wp-block-themeisle-blocks-advanced-column-overlay\"><\/div>\n<figure class=\"wp-block-image size-large\"><img decoding=\"async\" loading=\"lazy\" width=\"1024\" height=\"432\" src=\"https:\/\/glatterbuehler.de\/wp-content\/uploads\/2023\/07\/glatterbuehler-1024x432.png\" alt=\"\" class=\"wp-image-32\" srcset=\"https:\/\/glatterbuehler.de\/wp-content\/uploads\/2023\/07\/glatterbuehler-1024x432.png 1024w, https:\/\/glatterbuehler.de\/wp-content\/uploads\/2023\/07\/glatterbuehler-300x127.png 300w, https:\/\/glatterbuehler.de\/wp-content\/uploads\/2023\/07\/glatterbuehler-768x324.png 768w, https:\/\/glatterbuehler.de\/wp-content\/uploads\/2023\/07\/glatterbuehler-1536x649.png 1536w, https:\/\/glatterbuehler.de\/wp-content\/uploads\/2023\/07\/glatterbuehler.png 1925w\" sizes=\"(max-width: 1024px) 100vw, 1024px\" \/><\/figure>\n\n\n\n<div style=\"height:15px\" aria-hidden=\"true\" class=\"wp-block-spacer\"><\/div>\n\n\n\n<h4 class=\"wp-block-heading has-neve-link-color-color has-text-color\">Man sagt h\u00e4ufig, der erste Schritt sei der Schwerste. Unserer Erfahrung nach ist es oft der zweite oder dritte Schritt!<\/h4>\n\n\n\n<p>Wir begleiten und unterst\u00fctzen unsere Projekte auf pers\u00f6nlicher und fachlicher Ebene langfristig.<\/p>\n\n\n\n<p>Unser Ziel ist es, erfolgreiche Kund*innen zu haben! F\u00fcr uns hei\u00dft das, Sie dabei zu unterst\u00fctzen, Ihre unternehmerischen Ziele zu erreichen. <\/p>\n\n\n\n<p>Wir m\u00f6chten einen Beitrag zur nachhaltigen Entwicklung der Wirtschaft leisten, neue Arbeitspl\u00e4tze schaffen und helfen Tr\u00e4ume zu verwirklichen.<\/p>\n<\/div>\n<\/div><\/div>\n<\/div>\n<\/div><\/div>\n\n\n\n<div id=\"wp-block-themeisle-blocks-advanced-columns-eb59feae\" class=\"wp-block-themeisle-blocks-advanced-columns alignwide has-1-columns has-desktop-equal-layout has-tablet-equal-layout has-mobile-equal-layout has-vertical-center\"><div class=\"wp-block-themeisle-blocks-advanced-columns-overlay\"><\/div><div class=\"innerblocks-wrap\">\n<div id=\"wp-block-themeisle-blocks-advanced-column-17f906ba\" class=\"wp-block-themeisle-blocks-advanced-column\">\n<div id=\"wp-block-themeisle-blocks-advanced-columns-03c21449\" class=\"wp-block-themeisle-blocks-advanced-columns has-2-columns has-desktop-equal-layout has-tablet-equal-layout has-mobile-collapsedRows-layout has-vertical-unset\"><div class=\"wp-block-themeisle-blocks-advanced-columns-overlay\"><\/div><div class=\"innerblocks-wrap\">\n<div id=\"wp-block-themeisle-blocks-advanced-column-de10c48a\" class=\"wp-block-themeisle-blocks-advanced-column animated fadeInLeft delay-200ms\">\n<div style=\"height:100px\" aria-hidden=\"true\" class=\"wp-block-spacer\"><\/div>\n\n\n\n<h3 class=\"wp-block-heading has-neve-link-color-color has-text-color\" id=\"ueberuns\" style=\"text-transform:uppercase\">\u00dcber Uns<\/h3>\n\n\n\n<p>Die GlatterB\u00fchler GmbH &amp; Co.KG ist eine Beratungs- und Beteiligungsgesellschaft aus Hannover.<br>Wir unterst\u00fctzen junge Unternehmen, Start-ups und Existenzgr\u00fcnder bei der erfolgreichen Umsetzung ihrer Gesch\u00e4ftsideen.<\/p>\n\n\n\n<p>Unser Team besteht aus erfahrenen Experten aus den Bereichen Wirtschaft, Beratung, Marketing und Finanzierung. Wir bieten unseren Kunden ein umfassendes Leistungsspektrum, das von der Strategieentwicklung bis zur Begleitung bei der Finanzierung reicht.<\/p>\n\n\n\n<div id=\"wp-block-themeisle-blocks-button-group-c96be5da\" class=\"wp-block-themeisle-blocks-button-group wp-block-buttons\">\n<div id=\"wp-block-themeisle-blocks-button-95b8b865\" class=\"wp-block-themeisle-blocks-button wp-block-button  is-style-outline\"><a href=\"https:\/\/glatterbuehler.de\/#kontakt\" target=\"_self\" rel=\"noopener noreferrer\" class=\"wp-block-button__link\"><span>Jetzt Anfragen<\/span><\/a><\/div>\n<\/div>\n<\/div>\n\n\n\n<div id=\"wp-block-themeisle-blocks-advanced-column-bb733c8b\" class=\"wp-block-themeisle-blocks-advanced-column\"><div class=\"wp-block-image animated fadeIn\">\n<figure class=\"alignright size-full is-resized\"><img decoding=\"async\" loading=\"lazy\" src=\"https:\/\/glatterbuehler.de\/wp-content\/uploads\/2024\/02\/Element-4.png\" alt=\"\" class=\"wp-image-81\" width=\"662\" height=\"732\" srcset=\"https:\/\/glatterbuehler.de\/wp-content\/uploads\/2024\/02\/Element-4.png 883w, https:\/\/glatterbuehler.de\/wp-content\/uploads\/2024\/02\/Element-4-271x300.png 271w, https:\/\/glatterbuehler.de\/wp-content\/uploads\/2024\/02\/Element-4-768x849.png 768w\" sizes=\"(max-width: 662px) 100vw, 662px\" \/><\/figure><\/div><\/div>\n<\/div><\/div>\n<\/div>\n<\/div><\/div>\n\n\n\n<div id=\"wp-block-themeisle-blocks-advanced-columns-be181b81\" class=\"wp-block-themeisle-blocks-advanced-columns alignfull has-1-columns has-desktop-equal-layout has-tablet-equal-layout has-mobile-collapsedRows-layout has-vertical-unset\"><div class=\"wp-block-themeisle-blocks-advanced-columns-overlay\"><\/div><div class=\"innerblocks-wrap\">\n<div id=\"wp-block-themeisle-blocks-advanced-column-84223a3e\" class=\"wp-block-themeisle-blocks-advanced-column\">\n<div id=\"wp-block-themeisle-blocks-advanced-columns-8b947734\" class=\"wp-block-themeisle-blocks-advanced-columns alignwide has-2-columns has-desktop-oneTwo-layout has-tablet-collapsedRows-layout has-mobile-collapsedRows-layout has-vertical-unset\"><div class=\"wp-block-themeisle-blocks-advanced-columns-overlay\"><\/div><div class=\"innerblocks-wrap\">\n<div id=\"wp-block-themeisle-blocks-advanced-column-909ec3c3\" class=\"wp-block-themeisle-blocks-advanced-column\"><div class=\"wp-block-image animated fadeIn\">\n<figure class=\"aligncenter size-full is-resized\"><img decoding=\"async\" loading=\"lazy\" src=\"https:\/\/glatterbuehler.de\/wp-content\/uploads\/2024\/02\/Element-1.png\" alt=\"\" class=\"wp-image-99\" width=\"654\" height=\"573\" srcset=\"https:\/\/glatterbuehler.de\/wp-content\/uploads\/2024\/02\/Element-1.png 872w, https:\/\/glatterbuehler.de\/wp-content\/uploads\/2024\/02\/Element-1-300x263.png 300w, https:\/\/glatterbuehler.de\/wp-content\/uploads\/2024\/02\/Element-1-768x673.png 768w\" sizes=\"(max-width: 654px) 100vw, 654px\" \/><\/figure><\/div><\/div>\n\n\n\n<div id=\"wp-block-themeisle-blocks-advanced-column-a867f717\" class=\"wp-block-themeisle-blocks-advanced-column animated fadeInRight delay-200ms\">\n<h3 class=\"wp-block-heading has-neve-link-color-color has-text-color\" id=\"ziele\" style=\"text-transform:uppercase\">Ziele<\/h3>\n\n\n\n<h4 class=\"wp-block-heading has-neve-link-color-color has-text-color\">Wir helfen Ihnen dabei, Ihre Ziele zu erreichen!<\/h4>\n\n\n\n<p>Jedes Unternehmen ist einzigartig, allerdings finden sich oft Schmerzpunkte, die wir l\u00f6sen k\u00f6nnen:<\/p>\n\n\n\n<ul>\n<li>Unsicherheit: Die Gr\u00fcndung eines Unternehmens ist ein gro\u00dfes Risiko. Existenzgr\u00fcnder sind oft unsicher, ob ihre Gesch\u00e4ftsidee erfolgreich sein wird.<\/li>\n\n\n\n<li>Finanzierung: Die Finanzierung einer Unternehmensgr\u00fcndung ist oft schwierig. Existenzgr\u00fcnder wissen oft nicht, wie sie die notwendigen finanziellen Mittel beschaffen sollen.<\/li>\n\n\n\n<li>Marketing und Vertrieb: Existenzgr\u00fcnder haben oft nicht die notwendigen Kenntnisse und F\u00e4higkeiten, um ihre Produkte oder Dienstleistungen erfolgreich zu vermarkten und zu vertreiben.<\/li>\n\n\n\n<li>Zeitmangel: Existenzgr\u00fcnder haben oft zu wenig Zeit, um sich um alle Aufgaben zu k\u00fcmmern, die mit der Gr\u00fcndung eines Unternehmens&nbsp;verbunden&nbsp;sind.<\/li>\n<\/ul>\n\n\n\n<p>Haben Sie sich hier wiedergefunden, oder stehen Sie vor anderen Herausforderungen? Dann melden Sie sich bei uns!<\/p>\n\n\n\n<div id=\"wp-block-themeisle-blocks-button-group-6a386aca\" class=\"wp-block-themeisle-blocks-button-group wp-block-buttons\">\n<div id=\"wp-block-themeisle-blocks-button-dc61b22f\" class=\"wp-block-themeisle-blocks-button wp-block-button  is-style-outline\"><a href=\"https:\/\/glatterbuehler.de\/#kontakt\" target=\"_self\" rel=\"noopener noreferrer\" class=\"wp-block-button__link\"><span>Jetzt Anfragen<\/span><\/a><\/div>\n<\/div>\n<\/div>\n<\/div><\/div>\n<\/div>\n<\/div><\/div>\n\n\n\n<div id=\"wp-block-themeisle-blocks-advanced-columns-b9f65a7f\" class=\"wp-block-themeisle-blocks-advanced-columns has-1-columns has-desktop-equal-layout has-tablet-equal-layout has-mobile-equal-layout has-vertical-unset\"><div class=\"wp-block-themeisle-blocks-advanced-columns-overlay\"><\/div><div class=\"innerblocks-wrap\">\n<div id=\"wp-block-themeisle-blocks-advanced-column-00f80030\" class=\"wp-block-themeisle-blocks-advanced-column\">\n<h3 class=\"wp-block-heading has-neve-link-color-color has-text-color\" id=\"leistungen\" style=\"text-transform:uppercase\">Leistungen<\/h3>\n\n\n\n<div id=\"wp-block-themeisle-blocks-advanced-columns-b1706e6a\" class=\"wp-block-themeisle-blocks-advanced-columns alignwide has-2-columns has-desktop-oneTwo-layout has-tablet-equal-layout has-mobile-collapsedRows-layout has-vertical-unset animated fadeInLeft delay-500ms\"><div class=\"wp-block-themeisle-blocks-advanced-columns-overlay\"><\/div><div class=\"innerblocks-wrap\">\n<div id=\"wp-block-themeisle-blocks-advanced-column-45462401\" class=\"wp-block-themeisle-blocks-advanced-column\"><div class=\"wp-block-image\">\n<figure class=\"aligncenter size-full\"><img decoding=\"async\" loading=\"lazy\" width=\"101\" height=\"101\" src=\"https:\/\/glatterbuehler.de\/wp-content\/uploads\/2024\/02\/Element-11.png\" alt=\"\" class=\"wp-image-119\"\/><\/figure><\/div><\/div>\n\n\n\n<div id=\"wp-block-themeisle-blocks-advanced-column-d35fc289\" class=\"wp-block-themeisle-blocks-advanced-column\">\n<h4 class=\"wp-block-heading has-neve-link-color-color has-text-color\"><strong>Beratung<\/strong><\/h4>\n\n\n\n<p>Wir unterst\u00fctzen Sie bei der Erstellung von Businesspl\u00e4nen, der Marktanalyse, Finanzierung und der Unternehmensentwicklung.<\/p>\n<\/div>\n<\/div><\/div>\n\n\n\n<div id=\"wp-block-themeisle-blocks-advanced-columns-8e7126f7\" class=\"wp-block-themeisle-blocks-advanced-columns alignwide has-2-columns has-desktop-oneTwo-layout has-tablet-equal-layout has-mobile-collapsedRows-layout has-vertical-unset animated fadeInLeft delay-100ms\"><div class=\"wp-block-themeisle-blocks-advanced-columns-overlay\"><\/div><div class=\"innerblocks-wrap\">\n<div id=\"wp-block-themeisle-blocks-advanced-column-b073ce53\" class=\"wp-block-themeisle-blocks-advanced-column\"><div class=\"wp-block-image\">\n<figure class=\"aligncenter size-full\"><img decoding=\"async\" loading=\"lazy\" width=\"101\" height=\"101\" src=\"https:\/\/glatterbuehler.de\/wp-content\/uploads\/2024\/02\/Element-8.png\" alt=\"\" class=\"wp-image-116\"\/><\/figure><\/div><\/div>\n\n\n\n<div id=\"wp-block-themeisle-blocks-advanced-column-93893af6\" class=\"wp-block-themeisle-blocks-advanced-column\">\n<h4 class=\"wp-block-heading has-neve-link-color-color has-text-color\">Beteiligung<\/h4>\n\n\n\n<p>Wir investieren in junge Unternehmen mit hohem Potenzial und unterst\u00fctzen sie bei der Expansion.<\/p>\n<\/div>\n<\/div><\/div>\n\n\n\n<div id=\"wp-block-themeisle-blocks-advanced-columns-d33b41b5\" class=\"wp-block-themeisle-blocks-advanced-columns alignwide has-2-columns has-desktop-oneTwo-layout has-tablet-equal-layout has-mobile-collapsedRows-layout has-vertical-unset animated fadeInLeft\"><div class=\"wp-block-themeisle-blocks-advanced-columns-overlay\"><\/div><div class=\"innerblocks-wrap\">\n<div id=\"wp-block-themeisle-blocks-advanced-column-7573835d\" class=\"wp-block-themeisle-blocks-advanced-column\"><div class=\"wp-block-image\">\n<figure class=\"aligncenter size-full\"><img decoding=\"async\" loading=\"lazy\" width=\"101\" height=\"101\" src=\"https:\/\/glatterbuehler.de\/wp-content\/uploads\/2024\/02\/Element-9.png\" alt=\"\" class=\"wp-image-117\"\/><\/figure><\/div><\/div>\n\n\n\n<div id=\"wp-block-themeisle-blocks-advanced-column-cc4a1de1\" class=\"wp-block-themeisle-blocks-advanced-column\">\n<h4 class=\"wp-block-heading has-neve-link-color-color has-text-color\">Markenaufbau<\/h4>\n\n\n\n<p>Wir helfen Ihnen, eine starke Marke zu entwickeln, die sich von der Konkurrenz abhebt.<\/p>\n<\/div>\n<\/div><\/div>\n\n\n\n<div id=\"wp-block-themeisle-blocks-advanced-columns-72805158\" class=\"wp-block-themeisle-blocks-advanced-columns alignwide has-2-columns has-desktop-oneTwo-layout has-tablet-equal-layout has-mobile-collapsedRows-layout has-vertical-unset animated fadeInLeft delay-200ms\"><div class=\"wp-block-themeisle-blocks-advanced-columns-overlay\"><\/div><div class=\"innerblocks-wrap\">\n<div id=\"wp-block-themeisle-blocks-advanced-column-8c28bf34\" class=\"wp-block-themeisle-blocks-advanced-column\"><div class=\"wp-block-image\">\n<figure class=\"aligncenter size-full\"><img decoding=\"async\" loading=\"lazy\" width=\"101\" height=\"101\" src=\"https:\/\/glatterbuehler.de\/wp-content\/uploads\/2024\/02\/Element-10.png\" alt=\"\" class=\"wp-image-118\"\/><\/figure><\/div><\/div>\n\n\n\n<div id=\"wp-block-themeisle-blocks-advanced-column-d09a9755\" class=\"wp-block-themeisle-blocks-advanced-column\">\n<h4 class=\"wp-block-heading has-neve-link-color-color has-text-color\">Vertrieb und Marketing<\/h4>\n\n\n\n<p>Wir unterst\u00fctzen Sie bei der Entwicklung und Umsetzung effektiver Vertriebs- und Marketingstrategien, wie z.B. den Einsatz von qualifizierten Leads.<\/p>\n<\/div>\n<\/div><\/div>\n\n\n\n<div id=\"wp-block-themeisle-blocks-advanced-columns-2d98549a\" class=\"wp-block-themeisle-blocks-advanced-columns alignwide has-2-columns has-desktop-oneTwo-layout has-tablet-equal-layout has-mobile-collapsedRows-layout has-vertical-unset animated fadeInLeft delay-100ms\"><div class=\"wp-block-themeisle-blocks-advanced-columns-overlay\"><\/div><div class=\"innerblocks-wrap\">\n<div id=\"wp-block-themeisle-blocks-advanced-column-12e787c8\" class=\"wp-block-themeisle-blocks-advanced-column\"><div class=\"wp-block-image\">\n<figure class=\"aligncenter size-full\"><img decoding=\"async\" loading=\"lazy\" width=\"101\" height=\"101\" src=\"https:\/\/glatterbuehler.de\/wp-content\/uploads\/2024\/02\/Element-7.png\" alt=\"\" class=\"wp-image-115\"\/><\/figure><\/div><\/div>\n\n\n\n<div id=\"wp-block-themeisle-blocks-advanced-column-8d2ef685\" class=\"wp-block-themeisle-blocks-advanced-column\">\n<h4 class=\"wp-block-heading has-neve-link-color-color has-text-color\">Finanzierung und<br>F\u00f6rdermittel<\/h4>\n\n\n\n<p>Wir helfen Ihnen, die richtigen Finanzierungsquellen zu finden und F\u00f6rdermittel zu beantragen.<\/p>\n<\/div>\n<\/div><\/div>\n<\/div>\n<\/div><\/div>\n\n\n\n<div id=\"wp-block-themeisle-blocks-advanced-columns-afebaec9\" class=\"wp-block-themeisle-blocks-advanced-columns alignfull has-1-columns has-desktop-equal-layout has-tablet-equal-layout has-mobile-equal-layout has-vertical-unset\"><div class=\"wp-block-themeisle-blocks-advanced-columns-overlay\"><\/div><div class=\"innerblocks-wrap\">\n<div id=\"wp-block-themeisle-blocks-advanced-column-544d300f\" class=\"wp-block-themeisle-blocks-advanced-column\">\n<div id=\"wp-block-themeisle-blocks-advanced-columns-28d5067b\" class=\"wp-block-themeisle-blocks-advanced-columns alignwide has-1-columns has-desktop-equal-layout has-tablet-equal-layout has-mobile-equal-layout has-vertical-unset\"><div class=\"wp-block-themeisle-blocks-advanced-columns-overlay\"><\/div><div class=\"innerblocks-wrap\">\n<div id=\"wp-block-themeisle-blocks-advanced-column-0cf51079\" class=\"wp-block-themeisle-blocks-advanced-column\">\n<h3 class=\"wp-block-heading has-neve-link-color-color has-text-color\" id=\"kontakt\" style=\"text-transform:uppercase\">Kontakt<\/h3>\n\n\n\n<p>Wir freuen uns darauf, von Ihnen zu h\u00f6ren &#8211; melden Sie sich jetzt unverbindlich f\u00fcr ein erstes Gespr\u00e4ch!<\/p>\n\n\n\n<div id=\"wp-block-themeisle-blocks-form-0661deb3\" class=\"wp-block-themeisle-blocks-form\" data-option-name=\"bf9b28ff82ce323187abc5d0feb0d8f07ecd8436_0661deb3\"><form class=\"otter-form__container\">\n<div id=\"wp-block-themeisle-blocks-form-input-e34ca582\" class=\"wp-block-themeisle-blocks-form-input\"><label for=\"wp-block-themeisle-blocks-form-input-e34ca582-input\" class=\"otter-form-input-label\"><span class=\"otter-form-input-label__label\">Name<\/span><span class=\"required\">*<\/span><\/label><input type=\"text\" id=\"wp-block-themeisle-blocks-form-input-e34ca582-input\" required class=\"otter-form-input\"\/><\/div>\n\n\n\n<div id=\"wp-block-themeisle-blocks-form-input-1990c4bd\" class=\"wp-block-themeisle-blocks-form-input\"><label for=\"wp-block-themeisle-blocks-form-input-1990c4bd-input\" class=\"otter-form-input-label\"><span class=\"otter-form-input-label__label\">E-Mail<\/span><span class=\"required\">*<\/span><\/label><input type=\"email\" id=\"wp-block-themeisle-blocks-form-input-1990c4bd-input\" required class=\"otter-form-input\"\/><\/div>\n\n\n\n<div id=\"wp-block-themeisle-blocks-form-textarea-e44e2c39\" class=\"wp-block-themeisle-blocks-form-textarea\"><label for=\"wp-block-themeisle-blocks-form-textarea-e44e2c39-input\" class=\"otter-form-textarea-label\"><span class=\"otter-form-textarea-label__label\">Ihre Nachricht<\/span><\/label><textarea id=\"wp-block-themeisle-blocks-form-textarea-e44e2c39-input\" rows=\"10\" class=\"otter-form-textarea-input\"><\/textarea><\/div>\n\n\n<div class=\"wp-block-themeisle-blocks-form-multiple-choice\" id=\"wp-block-themeisle-blocks-form-input-b7510f8b\"><label class=\"otter-form-input-label\" >Datenschutz<span class=\"required\">*<\/span><\/label><div class=\"o-form-choices\"><div class=\"o-form-multiple-choice-field\"><input type=\"checkbox\" name=\"wp-block-themeisle-blocks-form-input-b7510f8b\" id=\"field-Ich_willige_mit_dem_Absenden_des_Formulars_ein,_dass_meine_Daten_zur_Bearbeitung_der_Anfrage_verarbeitet_werden_d\u00fcrfen.\" value=\"Ich_willige_mit_dem_Absenden_des_Formulars_ein,_dass_meine_Daten_zur_Bearbeitung_der_Anfrage_verarbeitet_werden_d\u00fcrfen.\" required \/><label for=\"field-Ich_willige_mit_dem_Absenden_des_Formulars_ein,_dass_meine_Daten_zur_Bearbeitung_der_Anfrage_verarbeitet_werden_d\u00fcrfen.\" class=\"o-form-choice-label\">Ich willige mit dem Absenden des Formulars ein, dass meine Daten zur Bearbeitung der Anfrage verarbeitet werden d\u00fcrfen.<\/label><\/div><\/div><span class=\"o-form-help\"><\/span><\/div>\n\n<div class=\"protection\" aria-hidden=\"true\"><input type=\"hidden\" id=\"wp-block-themeisle-blocks-form-0661deb3_nonce_field\" name=\"wp-block-themeisle-blocks-form-0661deb3_nonce_field\" value=\"fa00614d95\" \/><input type=\"hidden\" name=\"_wp_http_referer\" value=\"\/index.php?rest_route=%2Fwp%2Fv2%2Fpages%2F56\" \/><input class=\"o-anti-bot\" type=\"checkbox\"><\/div><div class=\"wp-block-button\"><button class=\"wp-block-button__link\" type=\"submit\">Submit<\/button><\/div><\/form><\/div>\n<\/div>\n<\/div><\/div>\n<\/div>\n<\/div><\/div>\n\n\n\n<div id=\"wp-block-themeisle-blocks-advanced-columns-8460dc4c\" class=\"wp-block-themeisle-blocks-advanced-columns alignfull has-1-columns has-desktop-equal-layout has-tablet-equal-layout has-mobile-equal-layout has-vertical-unset\"><div class=\"wp-block-themeisle-blocks-advanced-columns-overlay\"><\/div><div class=\"innerblocks-wrap\">\n<div id=\"wp-block-themeisle-blocks-advanced-column-285c8481\" class=\"wp-block-themeisle-blocks-advanced-column\"><\/div>\n<\/div><\/div>\n\n\n\n<div class=\"wp-block-media-text is-stacked-on-mobile is-vertically-aligned-center\" style=\"grid-template-columns:15% auto\"><figure class=\"wp-block-media-text__media\"><img decoding=\"async\" loading=\"lazy\" width=\"1191\" height=\"1191\" src=\"https:\/\/glatterbuehler.de\/wp-content\/uploads\/2024\/02\/lightbox_lightboxfwwsiegel400mm72dpi.gif\" alt=\"\" class=\"wp-image-130 size-full\"\/><\/figure><div class=\"wp-block-media-text__content\">\n<p>Michael Glatter ist Mitglied im Forum Werteorientierung<\/p>\n<\/div><\/div>\n\n\n\n<div style=\"height:90px\" aria-hidden=\"true\" class=\"wp-block-spacer\"><\/div>\n","protected":false},"excerpt":{"rendered":"<p>Michael Glatter ist Mitglied im Forum Werteorientierung<\/p>\n","protected":false},"author":2,"featured_media":0,"parent":0,"menu_order":0,"comment_status":"closed","ping_status":"closed","template":"","meta":{"neve_meta_sidebar":"","neve_meta_container":"","neve_meta_enable_content_width":"","neve_meta_content_width":0,"neve_meta_title_alignment":"","neve_meta_author_avatar":"","neve_post_elements_order":"","neve_meta_disable_header":"","neve_meta_disable_footer":"","neve_meta_disable_title":"on","_themeisle_gutenberg_block_has_review":false},"_links":{"self":[{"href":"https:\/\/glatterbuehler.de\/index.php?rest_route=\/wp\/v2\/pages\/56"}],"collection":[{"href":"https:\/\/glatterbuehler.de\/index.php?rest_route=\/wp\/v2\/pages"}],"about":[{"href":"https:\/\/glatterbuehler.de\/index.php?rest_route=\/wp\/v2\/types\/page"}],"author":[{"embeddable":true,"href":"https:\/\/glatterbuehler.de\/index.php?rest_route=\/wp\/v2\/users\/2"}],"replies":[{"embeddable":true,"href":"https:\/\/glatterbuehler.de\/index.php?rest_route=%2Fwp%2Fv2%2Fcomments&post=56"}],"version-history":[{"count":69,"href":"https:\/\/glatterbuehler.de\/index.php?rest_route=\/wp\/v2\/pages\/56\/revisions"}],"predecessor-version":[{"id":172,"href":"https:\/\/glatterbuehler.de\/index.php?rest_route=\/wp\/v2\/pages\/56\/revisions\/172"}],"wp:attachment":[{"href":"https:\/\/glatterbuehler.de\/index.php?rest_route=%2Fwp%2Fv2%2Fmedia&parent=56"}],"curies":[{"name":"wp","href":"https:\/\/api.w.org\/{rel}","templated":true}]}}